{"id":5,"date":"2020-12-10T19:19:21","date_gmt":"2020-12-10T18:19:21","guid":{"rendered":"https:\/\/detipatridomu.cz\/skola\/courses\/"},"modified":"2020-12-10T23:34:33","modified_gmt":"2020-12-10T22:34:33","slug":"kurzy","status":"publish","type":"page","link":"https:\/\/detipatridomu.cz\/skola\/kurzy\/","title":{"rendered":"Katalog kurz\u016f"},"content":{"rendered":"<div class=\"llms-loop\">\n\t<ul class=\"llms-loop-list llms-course-list cols-3\">\n<li class=\"llms-loop-item post-236 course type-course status-publish has-post-thumbnail hentry course_cat-respit-neni-hlidani not-enrolled is-complete\">\n\t<div class=\"llms-loop-item-content\">\n\n\t<a class=\"llms-loop-link\" href=\"https:\/\/detipatridomu.cz\/skola\/kurz\/respit-neni-hlidani-1-cast\/\">\n\t<img decoding=\"async\" src=\"https:\/\/detipatridomu.cz\/skola\/wp-content\/uploads\/2020\/12\/activity-art-artistic-707193.jpg\" alt=\"Respit nen\u00ed hl\u00edd\u00e1n\u00ed 1. \u010d\u00e1st &#8211; \u00daVOD\" class=\"llms-featured-image wp-post-image\">\n\t<h4 class=\"llms-loop-title\">Respit nen\u00ed hl\u00edd\u00e1n\u00ed 1. \u010d\u00e1st &#8211; \u00daVOD<\/h4>\n\n\t<footer class=\"llms-loop-item-footer\">\n\t\t\t<div class=\"llms-author\">\n\t\t<img alt='Respit nen\u00ed hl\u00edd\u00e1n\u00ed' src='https:\/\/detipatridomu.cz\/skola\/wp-content\/uploads\/2020\/12\/cropped-logo_modre_velke_pc-32x32.png' class='avatar avatar-28 photo' height='28' width='28' \/>\t\t<span class=\"llms-author-info name\">Respit nen\u00ed hl\u00edd\u00e1n\u00ed<\/span>\n\t\t\t\t\t<\/div>\n\t\n<div class=\"llms-meta llms-lessons-count\">\n\t<p>\n\t\tPo\u010det lekc\u00ed: <span class=\"lessons-count\">11<\/span>\t<\/p>\n<\/div>\n\t<\/footer>\n\n\t<\/a><!-- .llms-loop-link -->\n\t<\/div><!-- .llms-loop-item-content -->\n<\/li><!-- .llms-loop-item -->\n<li class=\"llms-loop-item post-432 course type-course status-publish has-post-thumbnail hentry course_cat-respit-neni-hlidani not-enrolled is-complete\">\n\t<div class=\"llms-loop-item-content\">\n\n\t<a class=\"llms-loop-link\" href=\"https:\/\/detipatridomu.cz\/skola\/kurz\/respit-neni-hlidani-2-cast\/\">\n\t<img decoding=\"async\" src=\"https:\/\/detipatridomu.cz\/skola\/wp-content\/uploads\/2021\/01\/Respit-neni-hlidani-1-scaled-e1610084334412.jpg\" alt=\"Respit nen\u00ed  hl\u00edd\u00e1n\u00ed 2. \u010d\u00e1st\" class=\"llms-featured-image wp-post-image\">\n\t<h4 class=\"llms-loop-title\">Respit nen\u00ed  hl\u00edd\u00e1n\u00ed 2. \u010d\u00e1st<\/h4>\n\n\t<footer class=\"llms-loop-item-footer\">\n\t\t\t<div class=\"llms-author\">\n\t\t<img alt='Respit nen\u00ed hl\u00edd\u00e1n\u00ed' src='https:\/\/detipatridomu.cz\/skola\/wp-content\/uploads\/2020\/12\/cropped-logo_modre_velke_pc-32x32.png' class='avatar avatar-28 photo' height='28' width='28' \/>\t\t<span class=\"llms-author-info name\">Respit nen\u00ed hl\u00edd\u00e1n\u00ed<\/span>\n\t\t\t\t\t<\/div>\n\t\n<div class=\"llms-meta llms-lessons-count\">\n\t<p>\n\t\tPo\u010det lekc\u00ed: <span class=\"lessons-count\">9<\/span>\t<\/p>\n<\/div>\n\t<\/footer>\n\n\t<\/a><!-- .llms-loop-link -->\n\t<\/div><!-- .llms-loop-item-content -->\n<\/li><!-- .llms-loop-item -->\n<li class=\"llms-loop-item post-692 course type-course status-publish has-post-thumbnail hentry course_cat-hostitelska-pece not-enrolled is-complete\">\n\t<div class=\"llms-loop-item-content\">\n\n\t<a class=\"llms-loop-link\" href=\"https:\/\/detipatridomu.cz\/skola\/kurz\/hostitelska-pece\/\">\n\t<img decoding=\"async\" src=\"https:\/\/detipatridomu.cz\/skola\/wp-content\/uploads\/2021\/09\/pexels-photo-1682497-scaled-e1633501798448.jpeg\" alt=\"Hostitelsk\u00e1 p\u00e9\u010de\" class=\"llms-featured-image wp-post-image\">\n\t<h4 class=\"llms-loop-title\">Hostitelsk\u00e1 p\u00e9\u010de<\/h4>\n\n\t<footer class=\"llms-loop-item-footer\">\n\t\t\t<div class=\"llms-author\">\n\t\t<img alt='Respit nen\u00ed hl\u00edd\u00e1n\u00ed' src='https:\/\/detipatridomu.cz\/skola\/wp-content\/uploads\/2020\/12\/cropped-logo_modre_velke_pc-32x32.png' class='avatar avatar-28 photo' height='28' width='28' \/>\t\t<span class=\"llms-author-info name\">Respit nen\u00ed hl\u00edd\u00e1n\u00ed<\/span>\n\t\t\t\t\t<\/div>\n\t\n<div class=\"llms-meta llms-lessons-count\">\n\t<p>\n\t\tPo\u010det lekc\u00ed: <span class=\"lessons-count\">11<\/span>\t<\/p>\n<\/div>\n\t<\/footer>\n\n\t<\/a><!-- .llms-loop-link -->\n\t<\/div><!-- .llms-loop-item-content -->\n<\/li><!-- .llms-loop-item -->\n<li class=\"llms-loop-item post-969 course type-course status-publish has-post-thumbnail hentry course_cat-vzdelavani-pro-nrp not-enrolled is-complete\">\n\t<div class=\"llms-loop-item-content\">\n\n\t<a class=\"llms-loop-link\" href=\"https:\/\/detipatridomu.cz\/skola\/kurz\/deprivace-rane-trauma-poruchy-pripoutani\/\">\n\t<img decoding=\"async\" src=\"https:\/\/detipatridomu.cz\/skola\/wp-content\/uploads\/2022\/04\/Navrh-bez-nazvu-e1650550947816-300x196-2.jpg\" alt=\"Deprivace, ran\u00e9 trauma, poruchy p\u0159ipout\u00e1n\u00ed\" class=\"llms-featured-image wp-post-image\">\n\t<h4 class=\"llms-loop-title\">Deprivace, ran\u00e9 trauma, poruchy p\u0159ipout\u00e1n\u00ed<\/h4>\n\n\t<footer class=\"llms-loop-item-footer\">\n\t\t\t<div class=\"llms-author\">\n\t\t<img data-del=\"avatar\" alt=\"Daniel Zezula\" src='https:\/\/detipatridomu.cz\/skola\/wp-content\/uploads\/2020\/12\/Lukisova-kresba_yellow-64x64.jpg' class='avatar pp-user-avatar avatar-28 photo ' height='28' width='28' \/>\t\t<span class=\"llms-author-info name\">Daniel Zezula<\/span>\n\t\t\t\t\t<\/div>\n\t\n<div class=\"llms-meta llms-lessons-count\">\n\t<p>\n\t\tPo\u010det lekc\u00ed: <span class=\"lessons-count\">7<\/span>\t<\/p>\n<\/div>\n\t<\/footer>\n\n\t<\/a><!-- .llms-loop-link -->\n\t<\/div><!-- .llms-loop-item-content -->\n<\/li><!-- .llms-loop-item -->\n<li class=\"llms-loop-item post-518 course type-course status-publish has-post-thumbnail hentry course_cat-respit-neni-hlidani not-enrolled is-complete\">\n\t<div class=\"llms-loop-item-content\">\n\n\t<a class=\"llms-loop-link\" href=\"https:\/\/detipatridomu.cz\/skola\/kurz\/respit-neni-hlidani-3-cast\/\">\n\t<img decoding=\"async\" src=\"https:\/\/detipatridomu.cz\/skola\/wp-content\/uploads\/2021\/01\/IMG_4956d.jpg\" alt=\"Respit nen\u00ed hl\u00edd\u00e1n\u00ed 3. \u010d\u00e1st\" class=\"llms-featured-image wp-post-image\">\n\t<h4 class=\"llms-loop-title\">Respit nen\u00ed hl\u00edd\u00e1n\u00ed 3. \u010d\u00e1st<\/h4>\n\n\t<footer class=\"llms-loop-item-footer\">\n\t\t\t<div class=\"llms-author\">\n\t\t<img data-del=\"avatar\" alt=\"Luk\u00e1\u0161 Dani\u0161\" src='https:\/\/detipatridomu.cz\/skola\/wp-content\/uploads\/2020\/12\/Danis-64x64.jpg' class='avatar pp-user-avatar avatar-28 photo ' height='28' width='28' \/>\t\t<span class=\"llms-author-info name\">Luk\u00e1\u0161 Dani\u0161<\/span>\n\t\t\t\t\t<\/div>\n\t\n<div class=\"llms-meta llms-lessons-count\">\n\t<p>\n\t\tPo\u010det lekc\u00ed: <span class=\"lessons-count\">5<\/span>\t<\/p>\n<\/div>\n\t<\/footer>\n\n\t<\/a><!-- .llms-loop-link -->\n\t<\/div><!-- .llms-loop-item-content -->\n<\/li><!-- .llms-loop-item -->\n\t<\/ul>\n<\/div><!-- .llms-loop -->\n\n","protected":false},"excerpt":{"rendered":"<p>Informace o kurzu Kategorie: Respit nen\u00ed hl\u00edd\u00e1n\u00ed Kurz Instruktor Luk\u00e1\u0161 Dani\u0161 Autor P\u0159ed zah\u00e1jen\u00edm tohoto kurzu mus\u00edte absolvovat po\u017eadovan\u00fd kurz: Respit nen\u00ed hl\u00edd\u00e1n\u00ed 2. \u010d\u00e1st&hellip;<\/p>\n","protected":false},"author":1,"featured_media":0,"parent":0,"menu_order":0,"comment_status":"closed","ping_status":"closed","template":"","meta":{"footnotes":""},"class_list":["post-5","page","type-page","status-publish","hentry"],"jetpack_sharing_enabled":true,"_links":{"self":[{"href":"https:\/\/detipatridomu.cz\/skola\/wp-json\/wp\/v2\/pages\/5","targetHints":{"allow":["GET"]}}],"collection":[{"href":"https:\/\/detipatridomu.cz\/skola\/wp-json\/wp\/v2\/pages"}],"about":[{"href":"https:\/\/detipatridomu.cz\/skola\/wp-json\/wp\/v2\/types\/page"}],"author":[{"embeddable":true,"href":"https:\/\/detipatridomu.cz\/skola\/wp-json\/wp\/v2\/users\/1"}],"replies":[{"embeddable":true,"href":"https:\/\/detipatridomu.cz\/skola\/wp-json\/wp\/v2\/comments?post=5"}],"version-history":[{"count":3,"href":"https:\/\/detipatridomu.cz\/skola\/wp-json\/wp\/v2\/pages\/5\/revisions"}],"predecessor-version":[{"id":163,"href":"https:\/\/detipatridomu.cz\/skola\/wp-json\/wp\/v2\/pages\/5\/revisions\/163"}],"wp:attachment":[{"href":"https:\/\/detipatridomu.cz\/skola\/wp-json\/wp\/v2\/media?parent=5"}],"curies":[{"name":"wp","href":"https:\/\/api.w.org\/{rel}","templated":true}]}}