{"id":2,"date":"2020-12-10T19:15:17","date_gmt":"2020-12-10T18:15:17","guid":{"rendered":"https:\/\/detipatridomu.cz\/skola\/?page_id=2"},"modified":"2020-12-10T22:51:30","modified_gmt":"2020-12-10T21:51:30","slug":"zkusebni-stranka","status":"publish","type":"page","link":"https:\/\/detipatridomu.cz\/skola\/","title":{"rendered":"V\u00edtejte v na\u0161\u00ed \u0161kole!"},"content":{"rendered":"\n\n\n<div class=\"llms-person-login-form-wrapper\">\n\n\t<form action=\"\" class=\"llms-login\" method=\"POST\">\n\n\t\t<h2 class=\"llms-form-heading\">p\u0159ihla\u0161te se<\/h2>\n\n\t\t<div class=\"llms-form-fields\">\n\n\t\t\t\n\t\t\t\t\t\t\t<div class=\"llms-form-field type-text llms-cols-6 llms-is-required\"><label for=\"llms_login\">U\u017eivatelsk\u00e9 jm\u00e9no nebo e-mailov\u00e1 adresa<span class=\"llms-required\">*<\/span><\/label><input class=\"llms-field-input\" id=\"llms_login\" name=\"llms_login\" required=\"required\" type=\"text\" \/><\/div>\t\t\t\t\t\t\t<div class=\"llms-form-field type-password llms-cols-6 llms-cols-last llms-is-required\"><label for=\"llms_password\">Heslo<span class=\"llms-required\">*<\/span><\/label><input class=\"llms-field-input\" id=\"llms_password\" name=\"llms_password\" required=\"required\" type=\"password\" \/><div class=\"llms-visibility-toggle\"><button type=\"button\" class=\"llms-button-plain hide-if-no-js\" data-toggle=\"1\"><i class=\"fa fa-eye\"><\/i> <span class=\"llms-visibility-toggle-state\">Show Password<\/span><\/button><\/div><\/div><div class=\"clear\"><\/div>\t\t\t\t\t\t\t<div class=\"llms-form-field type-submit llms-cols-3\"><button class=\"llms-field-button llms-button-action\" id=\"llms_login_button\" name=\"llms_login_button\" type=\"submit\" value=\"p\u0159ihla\u0161te se\">p\u0159ihla\u0161te se<\/button><\/div>\t\t\t\t\t\t\t<div class=\"llms-form-field type-checkbox llms-cols-6\"><input class=\"llms-field-checkbox\" id=\"llms_remember\" name=\"llms_remember\" type=\"checkbox\" \/><label for=\"llms_remember\">Zapamatovat si m\u011b<\/label><\/div>\t\t\t\t\t\t\t<div class=\"llms-form-field type-html llms-cols-3 llms-cols-last align-right\"><div class=\"llms-field-html\" id=\"llms_lost_password\"><\/div><span class=\"llms-description\"><a href=\"https:\/\/detipatridomu.cz\/skola\/reset-password\/\">Zapom\u011bl jsi sv\u00e9 heslo?<\/a><\/span><\/div><div class=\"clear\"><\/div>\t\t\t\n\t\t\t<input type=\"hidden\" id=\"_llms_login_user_nonce\" name=\"_llms_login_user_nonce\" value=\"9271753d5d\" \/><input type=\"hidden\" name=\"_wp_http_referer\" value=\"\/skola\/wp-json\/wp\/v2\/pages\/2\" \/>\t\t\t<input type=\"hidden\" name=\"redirect\" value=\"https:\/\/detipatridomu.cz\/skola\/courses\/\" \/>\n\t\t\t<input type=\"hidden\" name=\"action\" value=\"llms_login_user\" \/>\n\n\t\t\t\n\t\t<\/div>\n\n\t<\/form>\n\n<\/div>\n\n\n\n\n\n<hr class=\"wp-block-separator is-style-wide\"\/>\n\n\n\n<h3 class=\"wp-block-heading\">Kurzy Respit nen\u00ed hl\u00edd\u00e1n\u00ed<\/h3>\n\n\n<div class=\"llms-loop\">\n\t<ul class=\"llms-loop-list llms-Respit nen\u00ed hl\u00edd\u00e1n\u00ed-list cols-3\">\n<li class=\"llms-loop-item post-236 course type-course status-publish has-post-thumbnail hentry course_cat-respit-neni-hlidani not-enrolled is-complete\">\n\t<div class=\"llms-loop-item-content\">\n\n\t<a class=\"llms-loop-link\" href=\"https:\/\/detipatridomu.cz\/skola\/kurz\/respit-neni-hlidani-1-cast\/\">\n\t<img decoding=\"async\" src=\"https:\/\/detipatridomu.cz\/skola\/wp-content\/uploads\/2020\/12\/activity-art-artistic-707193.jpg\" alt=\"Respit nen\u00ed hl\u00edd\u00e1n\u00ed 1. \u010d\u00e1st &#8211; \u00daVOD\" class=\"llms-featured-image wp-post-image\">\n\t<h4 class=\"llms-loop-title\">Respit nen\u00ed hl\u00edd\u00e1n\u00ed 1. \u010d\u00e1st &#8211; \u00daVOD<\/h4>\n\n\t<footer class=\"llms-loop-item-footer\">\n\t\t\t<div class=\"llms-author\">\n\t\t<img alt='Respit nen\u00ed hl\u00edd\u00e1n\u00ed' src='https:\/\/detipatridomu.cz\/skola\/wp-content\/uploads\/2020\/12\/cropped-logo_modre_velke_pc-32x32.png' class='avatar avatar-28 photo' height='28' width='28' \/>\t\t<span class=\"llms-author-info name\">Respit nen\u00ed hl\u00edd\u00e1n\u00ed<\/span>\n\t\t\t\t\t<\/div>\n\t\n<div class=\"llms-meta llms-lessons-count\">\n\t<p>\n\t\tPo\u010det lekc\u00ed: <span class=\"lessons-count\">11<\/span>\t<\/p>\n<\/div>\n\t<\/footer>\n\n\t<\/a><!-- .llms-loop-link -->\n\t<\/div><!-- .llms-loop-item-content -->\n<\/li><!-- .llms-loop-item -->\n<li class=\"llms-loop-item post-432 course type-course status-publish has-post-thumbnail hentry course_cat-respit-neni-hlidani not-enrolled is-complete\">\n\t<div class=\"llms-loop-item-content\">\n\n\t<a class=\"llms-loop-link\" href=\"https:\/\/detipatridomu.cz\/skola\/kurz\/respit-neni-hlidani-2-cast\/\">\n\t<img decoding=\"async\" src=\"https:\/\/detipatridomu.cz\/skola\/wp-content\/uploads\/2021\/01\/Respit-neni-hlidani-1-scaled-e1610084334412.jpg\" alt=\"Respit nen\u00ed  hl\u00edd\u00e1n\u00ed 2. \u010d\u00e1st\" class=\"llms-featured-image wp-post-image\">\n\t<h4 class=\"llms-loop-title\">Respit nen\u00ed  hl\u00edd\u00e1n\u00ed 2. \u010d\u00e1st<\/h4>\n\n\t<footer class=\"llms-loop-item-footer\">\n\t\t\t<div class=\"llms-author\">\n\t\t<img alt='Respit nen\u00ed hl\u00edd\u00e1n\u00ed' src='https:\/\/detipatridomu.cz\/skola\/wp-content\/uploads\/2020\/12\/cropped-logo_modre_velke_pc-32x32.png' class='avatar avatar-28 photo' height='28' width='28' \/>\t\t<span class=\"llms-author-info name\">Respit nen\u00ed hl\u00edd\u00e1n\u00ed<\/span>\n\t\t\t\t\t<\/div>\n\t\n<div class=\"llms-meta llms-lessons-count\">\n\t<p>\n\t\tPo\u010det lekc\u00ed: <span class=\"lessons-count\">9<\/span>\t<\/p>\n<\/div>\n\t<\/footer>\n\n\t<\/a><!-- .llms-loop-link -->\n\t<\/div><!-- .llms-loop-item-content -->\n<\/li><!-- .llms-loop-item -->\n<li class=\"llms-loop-item post-518 course type-course status-publish has-post-thumbnail hentry course_cat-respit-neni-hlidani not-enrolled is-complete\">\n\t<div class=\"llms-loop-item-content\">\n\n\t<a class=\"llms-loop-link\" href=\"https:\/\/detipatridomu.cz\/skola\/kurz\/respit-neni-hlidani-3-cast\/\">\n\t<img decoding=\"async\" src=\"https:\/\/detipatridomu.cz\/skola\/wp-content\/uploads\/2021\/01\/IMG_4956d.jpg\" alt=\"Respit nen\u00ed hl\u00edd\u00e1n\u00ed 3. \u010d\u00e1st\" class=\"llms-featured-image wp-post-image\">\n\t<h4 class=\"llms-loop-title\">Respit nen\u00ed hl\u00edd\u00e1n\u00ed 3. \u010d\u00e1st<\/h4>\n\n\t<footer class=\"llms-loop-item-footer\">\n\t\t\t<div class=\"llms-author\">\n\t\t<img data-del=\"avatar\" alt=\"Luk\u00e1\u0161 Dani\u0161\" src='https:\/\/detipatridomu.cz\/skola\/wp-content\/uploads\/2020\/12\/Danis-64x64.jpg' class='avatar pp-user-avatar avatar-28 photo ' height='28' width='28' \/>\t\t<span class=\"llms-author-info name\">Luk\u00e1\u0161 Dani\u0161<\/span>\n\t\t\t\t\t<\/div>\n\t\n<div class=\"llms-meta llms-lessons-count\">\n\t<p>\n\t\tPo\u010det lekc\u00ed: <span class=\"lessons-count\">5<\/span>\t<\/p>\n<\/div>\n\t<\/footer>\n\n\t<\/a><!-- .llms-loop-link -->\n\t<\/div><!-- .llms-loop-item-content -->\n<\/li><!-- .llms-loop-item -->\n\t<\/ul>\n<\/div><!-- .llms-loop -->\n\n","protected":false},"excerpt":{"rendered":"<p>Kurzy Respit nen\u00ed hl\u00edd\u00e1n\u00ed Informace o kurzu Kategorie: Respit nen\u00ed hl\u00edd\u00e1n\u00ed Kurz Instruktor Luk\u00e1\u0161 Dani\u0161 Autor P\u0159ed zah\u00e1jen\u00edm tohoto kurzu mus\u00edte absolvovat po\u017eadovan\u00fd kurz: Respit&hellip;<\/p>\n","protected":false},"author":1,"featured_media":0,"parent":0,"menu_order":0,"comment_status":"closed","ping_status":"open","template":"","meta":{"footnotes":""},"class_list":["post-2","page","type-page","status-publish","hentry"],"jetpack_sharing_enabled":true,"_links":{"self":[{"href":"https:\/\/detipatridomu.cz\/skola\/wp-json\/wp\/v2\/pages\/2","targetHints":{"allow":["GET"]}}],"collection":[{"href":"https:\/\/detipatridomu.cz\/skola\/wp-json\/wp\/v2\/pages"}],"about":[{"href":"https:\/\/detipatridomu.cz\/skola\/wp-json\/wp\/v2\/types\/page"}],"author":[{"embeddable":true,"href":"https:\/\/detipatridomu.cz\/skola\/wp-json\/wp\/v2\/users\/1"}],"replies":[{"embeddable":true,"href":"https:\/\/detipatridomu.cz\/skola\/wp-json\/wp\/v2\/comments?post=2"}],"version-history":[{"count":6,"href":"https:\/\/detipatridomu.cz\/skola\/wp-json\/wp\/v2\/pages\/2\/revisions"}],"predecessor-version":[{"id":146,"href":"https:\/\/detipatridomu.cz\/skola\/wp-json\/wp\/v2\/pages\/2\/revisions\/146"}],"wp:attachment":[{"href":"https:\/\/detipatridomu.cz\/skola\/wp-json\/wp\/v2\/media?parent=2"}],"curies":[{"name":"wp","href":"https:\/\/api.w.org\/{rel}","templated":true}]}}